{"id":464,"date":"2025-03-07T10:50:58","date_gmt":"2025-03-07T10:50:58","guid":{"rendered":"http:\/\/localhost\/ckiki-dev\/?page_id=464"},"modified":"2025-04-29T11:28:55","modified_gmt":"2025-04-29T11:28:55","slug":"contact","status":"publish","type":"page","link":"https:\/\/www.ckiki.com\/en\/contact\/","title":{"rendered":"Contact"},"content":{"rendered":"<div class=\"wp-block-group container contact-section is-layout-flow wp-block-group-is-layout-flow\">\n<div class=\"wp-block-group container contact-section-title aos-item-fade is-layout-flow wp-block-group-is-layout-flow\">\n<h1 class=\"wp-block-heading custom-text-gradient\">Contact<\/h1>\n\n\n\n<h1 class=\"wp-block-heading\">our team<\/h1>\n\n\n\n<p>Que vous soyez professionnel ou particulier, n&rsquo;h\u00e9sitez pas \u00e0 nous contacter pour en savoir plus sur Ckiki&nbsp;! Nous vous r\u00e9pondrons dans les plus brefs d\u00e9lais.<\/p>\n<\/div>\n<\/div>\n\n\n\n<div class=\"wp-block-group container contact-section-form is-layout-flow wp-block-group-is-layout-flow\">\n<p><\/p>\n\n\n\n<div class=\"wp-block-group container contact-section-form-box aos-item-fade is-layout-flow wp-block-group-is-layout-flow\">\n<p><\/p>\n\n\n\n<div class=\"wp-block-contact-form-7-contact-form-selector\">\n<div class=\"wpcf7 no-js\" id=\"wpcf7-f463-o1\" lang=\"en-US\" dir=\"ltr\" data-wpcf7-id=\"463\">\n<div class=\"screen-reader-response\"><p role=\"status\" aria-live=\"polite\" aria-atomic=\"true\"><\/p> <ul><\/ul><\/div>\n<form action=\"\/en\/wp-json\/wp\/v2\/pages\/464#wpcf7-f463-o1\" method=\"post\" class=\"wpcf7-form init\" aria-label=\"Contact form\" novalidate=\"novalidate\" data-status=\"init\" data-trp-original-action=\"\/en\/wp-json\/wp\/v2\/pages\/464#wpcf7-f463-o1\">\n<div style=\"display: none;\">\n<input type=\"hidden\" name=\"_wpcf7\" value=\"463\" \/>\n<input type=\"hidden\" name=\"_wpcf7_version\" value=\"6.0.4\" \/>\n<input type=\"hidden\" name=\"_wpcf7_locale\" value=\"en_US\" \/>\n<input type=\"hidden\" name=\"_wpcf7_unit_tag\" value=\"wpcf7-f463-o1\" \/>\n<input type=\"hidden\" name=\"_wpcf7_container_post\" value=\"0\" \/>\n<input type=\"hidden\" name=\"_wpcf7_posted_data_hash\" value=\"\" \/>\n<input type=\"hidden\" name=\"_wpcf7_recaptcha_response\" value=\"\" \/>\n<\/div>\n<div class=\"row g-3 pb-5 justify-content-center\">\n\n  <div class=\"col d-flex justify-content-center pt-4\">\n    <span class=\"wpcf7-form-control-wrap\" data-name=\"type\"><span class=\"wpcf7-form-control wpcf7-radio\"><span class=\"wpcf7-list-item first\"><label class=\"form-check form-check-inline form-check-radio\"><input type=\"radio\" name=\"type\" value=\"Consommateur\" checked=\"checked\" class=\"form-check-input\"><span class=\"wpcf7-list-item-label form-check-label\">Consumer<\/span><\/label><\/span><span class=\"wpcf7-list-item last\"><label class=\"form-check form-check-inline form-check-radio\"><input type=\"radio\" name=\"type\" value=\"Professionnel\" class=\"form-check-input\"><span class=\"wpcf7-list-item-label form-check-label\">Professional<\/span><\/label><\/span><\/span><\/span>\n  <\/div>\n\n  <div class=\"d-flex form-names\">\n    <div class=\"col-md-6\">\n      <label class=\"form-label\">First name<span class=\"text-danger\">*<\/span><\/label>\n      <span class=\"wpcf7-form-control-wrap\" data-name=\"first-name\"><input size=\"40\" maxlength=\"400\" class=\"wpcf7-form-control wpcf7-text wpcf7-validates-as-required form-control\" aria-required=\"true\" aria-invalid=\"false\" placeholder=\"Enter your first name\" value=\"\" type=\"text\" name=\"first-name\" \/><\/span>\n    <\/div>\n    <div class=\"col-md-6\">\n      <label class=\"form-label\">Last name <span class=\"text-danger\">*<\/span><\/label>\n      <span class=\"wpcf7-form-control-wrap\" data-name=\"last-name\"><input size=\"40\" maxlength=\"400\" class=\"wpcf7-form-control wpcf7-text wpcf7-validates-as-required form-control\" aria-required=\"true\" aria-invalid=\"false\" placeholder=\"Enter your last name\" value=\"\" type=\"text\" name=\"last-name\" \/><\/span>\n    <\/div>\n  <\/div>\n\n  <div class=\"col-12\">\n    <label class=\"form-label\">Email <span class=\"text-danger\">*<\/span><\/label>\n    <span class=\"wpcf7-form-control-wrap\" data-name=\"your-email\"><input size=\"40\" maxlength=\"400\" class=\"wpcf7-form-control wpcf7-email wpcf7-validates-as-required wpcf7-text wpcf7-validates-as-email form-control\" aria-required=\"true\" aria-invalid=\"false\" placeholder=\"Email address\" value=\"\" type=\"email\" name=\"your-email\" \/><\/span>\n  <\/div>\n\n  <div class=\"col-12\">\n    <label class=\"form-label\">Subject<\/label>\n    <span class=\"wpcf7-form-control-wrap\" data-name=\"your-subject\"><input size=\"40\" maxlength=\"400\" class=\"wpcf7-form-control wpcf7-text form-control\" aria-invalid=\"false\" placeholder=\"Title of message\" value=\"\" type=\"text\" name=\"your-subject\" \/><\/span>\n  <\/div>\n\n  <div class=\"col-12\">\n    <label class=\"form-label\">Message <span class=\"text-danger\">*<\/span><\/label>\n    <span class=\"wpcf7-form-control-wrap\" data-name=\"message\"><textarea cols=\"40\" rows=\"10\" maxlength=\"2000\" class=\"wpcf7-form-control wpcf7-textarea wpcf7-validates-as-required form-control\" aria-required=\"true\" aria-invalid=\"false\" placeholder=\"How may we assist you?\" name=\"message\"><\/textarea><\/span>\n  <\/div>\n\n  <div class=\"col-12\">\n    <span class=\"wpcf7-form-control-wrap\" data-name=\"terms\"><span class=\"wpcf7-form-control wpcf7-acceptance\"><span class=\"wpcf7-list-item\"><label class=\"form-check form-check-inline form-check-checkbox\"><input type=\"checkbox\" name=\"terms\" value=\"1\" aria-invalid=\"false\" class=\"form-check-input\"><span class=\"wpcf7-list-item-label form-check-label\">I consent to my email being stored for the purpose of providing a response.<\/span><\/label><\/span><\/span><\/span>\n  <\/div>\n\n  <div class=\"col-12 pt-4\">\n    <button type=\"submit\" class=\"btn btn-primary wpcf7-submit w-100 custom-site-btn-contact\" disabled=\"disabled\">Envoyer un message<\/button>\n  <\/div>\n\n<\/div><div class=\"wpcf7-response-output\" aria-hidden=\"true\"><\/div>\n<input type=\"hidden\" name=\"trp-form-language\" value=\"en\"\/><\/form>\n<\/div>\n<\/div>\n<\/div>\n<\/div>\n\n\n\n<p><\/p>","protected":false},"excerpt":{"rendered":"<p>Contactez notre \u00e9quipe Que vous soyez professionnel ou particulier, n&rsquo;h\u00e9sitez pas \u00e0 nous contacter pour en savoir plus sur Ckiki&nbsp;! Nous vous r\u00e9pondrons dans les plus brefs d\u00e9lais.<\/p>","protected":false},"author":1,"featured_media":0,"parent":0,"menu_order":0,"comment_status":"closed","ping_status":"closed","template":"","meta":{"footnotes":""},"class_list":["post-464","page","type-page","status-publish","hentry"],"yoast_head":"<!-- This site is optimized with the Yoast SEO plugin v25.0 - https:\/\/yoast.com\/wordpress\/plugins\/seo\/ -->\n<title>Contact - Ckiki<\/title>\n<meta name=\"description\" content=\"Contact - Ckiki\" \/>\n<meta name=\"robots\" content=\"index, follow, max-snippet:-1, max-image-preview:large, max-video-preview:-1\" \/>\n<link rel=\"canonical\" href=\"https:\/\/www.ckiki.com\/en\/contact\/\" \/>\n<meta property=\"og:locale\" content=\"en_US\" \/>\n<meta property=\"og:type\" content=\"article\" \/>\n<meta property=\"og:title\" content=\"Contact - Ckiki\" \/>\n<meta property=\"og:description\" content=\"Contact - Ckiki\" \/>\n<meta property=\"og:url\" content=\"https:\/\/www.ckiki.com\/en\/contact\/\" \/>\n<meta property=\"og:site_name\" content=\"Ckiki\" \/>\n<meta property=\"article:modified_time\" content=\"2025-04-29T11:28:55+00:00\" \/>\n<meta name=\"twitter:card\" content=\"summary_large_image\" \/>\n<meta name=\"twitter:label1\" content=\"Est. reading time\" \/>\n\t<meta name=\"twitter:data1\" content=\"1 minute\" \/>\n<script type=\"application\/ld+json\" class=\"yoast-schema-graph\">{\"@context\":\"https:\/\/schema.org\",\"@graph\":[{\"@type\":\"WebPage\",\"@id\":\"https:\/\/www.ckiki.com\/contact\/\",\"url\":\"https:\/\/www.ckiki.com\/contact\/\",\"name\":\"Contact - Ckiki\",\"isPartOf\":{\"@id\":\"https:\/\/www.ckiki.com\/#website\"},\"datePublished\":\"2025-03-07T10:50:58+00:00\",\"dateModified\":\"2025-04-29T11:28:55+00:00\",\"description\":\"Contact - Ckiki\",\"breadcrumb\":{\"@id\":\"https:\/\/www.ckiki.com\/contact\/#breadcrumb\"},\"inLanguage\":\"en-US\",\"potentialAction\":[{\"@type\":\"ReadAction\",\"target\":[\"https:\/\/www.ckiki.com\/contact\/\"]}]},{\"@type\":\"BreadcrumbList\",\"@id\":\"https:\/\/www.ckiki.com\/contact\/#breadcrumb\",\"itemListElement\":[{\"@type\":\"ListItem\",\"position\":1,\"name\":\"Home\",\"item\":\"https:\/\/www.ckiki.com\/\"},{\"@type\":\"ListItem\",\"position\":2,\"name\":\"Contact\"}]},{\"@type\":\"WebSite\",\"@id\":\"https:\/\/www.ckiki.com\/#website\",\"url\":\"https:\/\/www.ckiki.com\/\",\"name\":\"Ckiki\",\"description\":\"\",\"potentialAction\":[{\"@type\":\"SearchAction\",\"target\":{\"@type\":\"EntryPoint\",\"urlTemplate\":\"https:\/\/www.ckiki.com\/?s={search_term_string}\"},\"query-input\":{\"@type\":\"PropertyValueSpecification\",\"valueRequired\":true,\"valueName\":\"search_term_string\"}}],\"inLanguage\":\"en-US\"}]}<\/script>\n<!-- \/ Yoast SEO plugin. -->","yoast_head_json":{"title":"Contact - Ckiki","description":"Contact - Ckiki","robots":{"index":"index","follow":"follow","max-snippet":"max-snippet:-1","max-image-preview":"max-image-preview:large","max-video-preview":"max-video-preview:-1"},"canonical":"https:\/\/www.ckiki.com\/en\/contact\/","og_locale":"en_US","og_type":"article","og_title":"Contact - Ckiki","og_description":"Contact - Ckiki","og_url":"https:\/\/www.ckiki.com\/en\/contact\/","og_site_name":"Ckiki","article_modified_time":"2025-04-29T11:28:55+00:00","twitter_card":"summary_large_image","twitter_misc":{"Est. reading time":"1 minute"},"schema":{"@context":"https:\/\/schema.org","@graph":[{"@type":"WebPage","@id":"https:\/\/www.ckiki.com\/contact\/","url":"https:\/\/www.ckiki.com\/contact\/","name":"Contact - Ckiki","isPartOf":{"@id":"https:\/\/www.ckiki.com\/#website"},"datePublished":"2025-03-07T10:50:58+00:00","dateModified":"2025-04-29T11:28:55+00:00","description":"Contact - Ckiki","breadcrumb":{"@id":"https:\/\/www.ckiki.com\/contact\/#breadcrumb"},"inLanguage":"en-US","potentialAction":[{"@type":"ReadAction","target":["https:\/\/www.ckiki.com\/contact\/"]}]},{"@type":"BreadcrumbList","@id":"https:\/\/www.ckiki.com\/contact\/#breadcrumb","itemListElement":[{"@type":"ListItem","position":1,"name":"Home","item":"https:\/\/www.ckiki.com\/"},{"@type":"ListItem","position":2,"name":"Contact"}]},{"@type":"WebSite","@id":"https:\/\/www.ckiki.com\/#website","url":"https:\/\/www.ckiki.com\/","name":"Ckiki","description":"","potentialAction":[{"@type":"SearchAction","target":{"@type":"EntryPoint","urlTemplate":"https:\/\/www.ckiki.com\/?s={search_term_string}"},"query-input":{"@type":"PropertyValueSpecification","valueRequired":true,"valueName":"search_term_string"}}],"inLanguage":"en-US"}]}},"_links":{"self":[{"href":"https:\/\/www.ckiki.com\/en\/wp-json\/wp\/v2\/pages\/464","targetHints":{"allow":["GET"]}}],"collection":[{"href":"https:\/\/www.ckiki.com\/en\/wp-json\/wp\/v2\/pages"}],"about":[{"href":"https:\/\/www.ckiki.com\/en\/wp-json\/wp\/v2\/types\/page"}],"author":[{"embeddable":true,"href":"https:\/\/www.ckiki.com\/en\/wp-json\/wp\/v2\/users\/1"}],"replies":[{"embeddable":true,"href":"https:\/\/www.ckiki.com\/en\/wp-json\/wp\/v2\/comments?post=464"}],"version-history":[{"count":2,"href":"https:\/\/www.ckiki.com\/en\/wp-json\/wp\/v2\/pages\/464\/revisions"}],"predecessor-version":[{"id":709,"href":"https:\/\/www.ckiki.com\/en\/wp-json\/wp\/v2\/pages\/464\/revisions\/709"}],"wp:attachment":[{"href":"https:\/\/www.ckiki.com\/en\/wp-json\/wp\/v2\/media?parent=464"}],"curies":[{"name":"wp","href":"https:\/\/api.w.org\/{rel}","templated":true}]}}